{"id":132,"date":"2020-04-20T14:10:29","date_gmt":"2020-04-20T14:10:29","guid":{"rendered":"http:\/\/192.168.135.157\/?page_id=132"},"modified":"2026-02-19T13:51:15","modified_gmt":"2026-02-19T12:51:15","slug":"equipement","status":"publish","type":"page","link":"https:\/\/www.lepmi-guide.univ-smb.fr\/wordpress\/index.php\/equipement\/","title":{"rendered":"Equipement"},"content":{"rendered":"\n<h3 class=\"wp-block-heading\" id=\"electrochimie\">Electrochimie<\/h3>\n\n\n\n<figure class=\"wp-block-table aligncenter\"><table><tbody><tr><td><img loading=\"lazy\" decoding=\"async\" width=\"150\" height=\"84\" class=\"wp-image-207\" style=\"width: 150px;\" src=\"https:\/\/www.lepmi-guide.univ-smb.fr\/wordpress\/wp-content\/uploads\/2020\/04\/Biologic-SP300.jpg\" alt=\"\"><\/td><td>4 Potentiostats <strong>Bio-logic SP50, SP150 et SP300<\/strong> <br>EIS measurement: 10 \u03bcHz \u2013 3 MHz (1%, 1\u00b0),&nbsp;10 \u03bcHz \u2013 7 MHz (3%, 3\u00b0)<\/td><\/tr><\/tbody><\/table><\/figure>\n\n\n\n<h3 class=\"wp-block-heading\" id=\"physico-chimie\">Physico-Chimie<\/h3>\n\n\n\n<figure class=\"wp-block-table aligncenter\"><table><tbody><tr><td><img loading=\"lazy\" decoding=\"async\" width=\"150\" height=\"175\" class=\"wp-image-218\" style=\"width: 150px;\" src=\"https:\/\/www.lepmi-guide.univ-smb.fr\/wordpress\/wp-content\/uploads\/2020\/04\/c_permeametre_Vinci_UHB-100.jpg\" alt=\"Perm\u00e9am\u00e8tre\"><\/td><td>Perm\u00e9am\u00e8tre multi-gaz UHB-100, en partenariat avec la soci\u00e9t\u00e9 <strong>Vinci Technologies<\/strong>. <\/td><\/tr><tr><td><img loading=\"lazy\" decoding=\"async\" width=\"150\" height=\"100\" class=\"wp-image-225\" style=\"width: 150px;\" src=\"https:\/\/www.lepmi-guide.univ-smb.fr\/wordpress\/wp-content\/uploads\/2020\/04\/c_Spotlight-400.jpg\" alt=\"\"><img loading=\"lazy\" decoding=\"async\" width=\"150\" height=\"100\" class=\"wp-image-224\" style=\"width: 150px;\" src=\"https:\/\/www.lepmi-guide.univ-smb.fr\/wordpress\/wp-content\/uploads\/2020\/04\/c_spectro-Raman.jpg\" alt=\"\"><\/td><td>Fluorim\u00e8tre SHIMADZU RF-6000 (photoluminescence et \u00e9lectroluminescence spectrale)<br>Microscope Infrarouge PERKIN-ELMER Spotlight-400<br>Spectrom\u00e8tre UV &#8211; Visible SHIMADZU UV-2600 avec sph\u00e8re d&#8217;int\u00e9gration<br>Spectrom\u00e8tre (FTIR) PERKIN-ELMER Spectrum 3<br>Spectrom\u00e8tre Raman SENTERRA (Lasers 532, 633 et 785 nm) <\/td><\/tr><tr><td><img loading=\"lazy\" decoding=\"async\" width=\"150\" height=\"113\" class=\"wp-image-213\" style=\"width: 150px;\" src=\"https:\/\/www.lepmi-guide.univ-smb.fr\/wordpress\/wp-content\/uploads\/2020\/04\/c_DVS-IgaSorp.jpg\" alt=\"\"><\/td><td><strong>DVS Hiden IGASorp<\/strong>   (Dynamic vapor sorption)<br>Technique gravim\u00e9trique qui permet de mesurer l&#8217;absorption et la d\u00e9sorption d&#8217;eau dans un \u00e9chantillon dans des atmosph\u00e8res de temp\u00e9rature et d&#8217;humidit\u00e9 contr\u00f4l\u00e9es.<br>Plage d&#8217;utilisation:<br>* 5 \u00e0 85 \u00b0C<br>* 0 \u00e0 95 %RH (gaz vecteur air ou azote) <br>Les cin\u00e9tiques de sorption permettent de d\u00e9terminer:<br>* les coefficients de diffusion<br>* le coefficient de solubilit\u00e9  <\/td><\/tr><tr><td><img loading=\"lazy\" decoding=\"async\" width=\"150\" height=\"128\" class=\"wp-image-487\" style=\"width: 150px;\" src=\"https:\/\/www.lepmi-guide.univ-smb.fr\/wordpress\/wp-content\/uploads\/2021\/05\/Kruss-DSA25E.jpg\" alt=\"Kruss-DSA25E\"><\/td><td><strong>Kr\u00fcss DSA25E<\/strong>   Drop Shape Analyzer<br>* Mesure d&#8217;angle de contact <br>* D\u00e9termination d&#8217;\u00e9nergie de surface<\/td><\/tr><tr><td><img loading=\"lazy\" decoding=\"async\" width=\"150\" height=\"83\" class=\"wp-image-733\" style=\"width: 150px;\" src=\"https:\/\/www.lepmi-guide.univ-smb.fr\/wordpress\/wp-content\/uploads\/2023\/03\/VASCO-Kin.jpg\" alt=\"VASCO KIN particle size analyzer\"><\/td><td><strong>Cordouan Technologies VASCO Kin<\/strong> Particle Size Analyzer<br>* Optical Fiber Dynamic Light Scattering (DLS)<br>* Particle size range: 0.5 nm to 10 \u00b5m<\/td><\/tr><\/tbody><\/table><\/figure>\n\n\n\n<h3 class=\"wp-block-heading\" id=\"caracterisation-photovoltaique\">Caract\u00e9risation photovolta\u00efque<\/h3>\n\n\n\n<figure class=\"wp-block-table\"><table><tbody><tr><td><img loading=\"lazy\" decoding=\"async\" width=\"150\" height=\"112\" class=\"wp-image-464\" style=\"width: 150px;\" src=\"https:\/\/www.lepmi-guide.univ-smb.fr\/wordpress\/wp-content\/uploads\/2021\/03\/Oriel_LCS-100.jpg\" alt=\"\">  <img loading=\"lazy\" decoding=\"async\" width=\"150\" height=\"200\" class=\"wp-image-848\" style=\"width: 150px;\" src=\"https:\/\/www.lepmi-guide.univ-smb.fr\/wordpress\/wp-content\/uploads\/2025\/03\/Lumartix-Solixon-A22.jpg\" alt=\"Enceinte de vieillissement solaire LUMARTIX Solixon A22\"><\/td><td>2 simulateurs solaires: Illumination AM 1.5 (<strong>Oriel LCS-100<\/strong>)<br>LBIC<br>Enceinte de vieillissement solaire <strong>LUMARTIX Solixon A22<\/strong><br>Imagerie photoluminescence et \u00e9lectroluminescence<\/td><\/tr><\/tbody><\/table><\/figure>\n\n\n\n<h3 class=\"wp-block-heading\" id=\"proprietes-physiques\">Propri\u00e9t\u00e9s physiques<\/h3>\n\n\n\n<h4 class=\"wp-block-heading\" id=\"mecaniques\">m\u00e9caniques<\/h4>\n\n\n\n<figure class=\"wp-block-table aligncenter\"><table><tbody><tr><td><img loading=\"lazy\" decoding=\"async\" width=\"150\" height=\"200\" class=\"wp-image-228\" style=\"width: 150px;\" src=\"https:\/\/www.lepmi-guide.univ-smb.fr\/wordpress\/wp-content\/uploads\/2020\/04\/c_visco.jpg\" alt=\"\"><img loading=\"lazy\" decoding=\"async\" width=\"150\" height=\"192\" class=\"wp-image-931\" style=\"width: 150px;\" src=\"https:\/\/www.lepmi-guide.univ-smb.fr\/wordpress\/wp-content\/uploads\/2026\/01\/DMA303_Netzsch.jpg\" alt=\"\"><\/td><td>Spectrom\u00e8tres m\u00e9caniques dynamiques (DMA):<br> <strong>Metravib DMA50<\/strong> : Mesure \u00e0 temp\u00e9rature et humidit\u00e9 (%RH) contr\u00f4l\u00e9e<br> <strong>Metravib RDS VA4000<\/strong><br> <strong>Metravib SMD 2000<\/strong><br><br>Gamme de temp\u00e9ratures : -170\u00b0C \u00e0 +500\u00b0C \/ gamme de fr\u00e9quences : 0,001 \u00e0 1000 Hz<br><br>Diff\u00e9rents modes de sollicitation (traction, flexion trois points, flexion encastr\u00e9e, pompage annulaire, cisaillement et compression)<br><br><strong>Netzsch DMA303 Eplexor<\/strong> : mesures \u00e0 humidit\u00e9 contr\u00f4l\u00e9e.<\/td><\/tr><tr><td><img loading=\"lazy\" decoding=\"async\" width=\"150\" height=\"113\" class=\"wp-image-227\" style=\"width: 150px;\" src=\"https:\/\/www.lepmi-guide.univ-smb.fr\/wordpress\/wp-content\/uploads\/2020\/04\/c_traction.jpg\" alt=\"\"><\/td><td>Machine de traction <strong>Shimadzu AGS-X<\/strong>, \u00e9quip\u00e9e de capteur 5 kN et 100 N, extensom\u00e8tre vid\u00e9o sans contact TRViewX<br>Machine servohydraulique <strong>INSTRON 8872<\/strong> de 25 kN permettant des mesures de fatigue oligocyclique (course +- 50 mm) avec g\u00e9n\u00e9ration de signaux carr\u00e9, sinus, triangle et al\u00e9atoire.<br>Banc de pelage<\/td><\/tr><tr><td><img loading=\"lazy\" decoding=\"async\" width=\"150\" height=\"136\" class=\"wp-image-220\" style=\"width: 150px;\" src=\"https:\/\/www.lepmi-guide.univ-smb.fr\/wordpress\/wp-content\/uploads\/2020\/04\/c_Profilometre_KLA-Tencor_D500.jpg\" alt=\"\"><\/td><td>Profilom\u00e8tre \u00e0 contact: <strong>KLA Tencor &#8211; AlphaStep D500<\/strong><br> Gammes de mesure verticale : 2.5; 10; 100; 550 ou 1200 \u00b5m<br> R\u00e9solution verticale: de quelques \u00c5 \u00e0 100 nm selon la gamme de mesure utilis\u00e9e<br> Gammes de force: 0.3 \u00e0 15 mg<br> Longueur de scan: 30 mm max<br> Vitesses de mesure: 0.01 \u00e0 0.4 mm\/s<\/td><\/tr><tr><td><img loading=\"lazy\" decoding=\"async\" width=\"150\" height=\"89\" class=\"wp-image-720\" style=\"width: 150px;\" src=\"https:\/\/www.lepmi-guide.univ-smb.fr\/wordpress\/wp-content\/uploads\/2023\/02\/Deben-MT200.jpg\" alt=\"Deben-MT200\"><\/td><td>Platine de traction <em>in-situ<\/em> <strong>DEBEN MT-200<\/strong><br>Cellule 200 N<\/td><\/tr><tr><td><img loading=\"lazy\" decoding=\"async\" width=\"150\" height=\"127\" class=\"wp-image-803\" style=\"width: 150px;\" src=\"https:\/\/www.lepmi-guide.univ-smb.fr\/wordpress\/wp-content\/uploads\/2024\/01\/Mitutoyo_Litematic_VL50S.jpg\" alt=\"\"><\/td><td>Mesureur vertical \u00e0 faible pression de mesure <strong>MITUTOYO Litematic VL-50S<\/strong> <br>Force de mesure : 0,01 N<br>Pr\u00e9cision : (0.5 + L\/100) \u00b5m L = Hauteur de mesure<\/td><\/tr><tr><td><img loading=\"lazy\" decoding=\"async\" width=\"150\" height=\"200\" class=\"wp-image-847\" style=\"width: 150px;\" src=\"https:\/\/www.lepmi-guide.univ-smb.fr\/wordpress\/wp-content\/uploads\/2025\/03\/AltiSurf520-confocal.jpg\" alt=\"Microscope confocal AltiSurf 520\"><\/td><td><strong>ALTIMET AltiSurf 520<\/strong><br>Microscope confocal chromatique pour la mesures de surfaces (topographie et rugosit\u00e9)<br>Deux sondes:<br>* gamme de hauteurs: 150 \u00b5m. R\u00e9solution lat\u00e9rale: 2 \u00b5m. R\u00e9solution Z: 4 nm<br>* gamme de hauteurs: 400 \u00b5m. R\u00e9solution lat\u00e9rale: 4 \u00b5m. R\u00e9solution Z: 9 nm<br><\/td><\/tr><\/tbody><\/table><\/figure>\n\n\n\n<h4 class=\"wp-block-heading\" id=\"electriques\">\u00e9lectriques<\/h4>\n\n\n\n<figure class=\"wp-block-table aligncenter\"><table><tbody><tr><td><img loading=\"lazy\" decoding=\"async\" width=\"150\" height=\"102\" class=\"wp-image-215\" style=\"width: 150px;\" src=\"https:\/\/www.lepmi-guide.univ-smb.fr\/wordpress\/wp-content\/uploads\/2020\/04\/c_Modulab.jpg\" alt=\"\"><\/td><td>Spectrom\u00e8tre di\u00e9lectrique Ametek Modulab MTS<br>Sourcem\u00e8tres:<br> Keithley 237   ( 1 \u00b5A \u00e0 100 mA  \/  100 \u00b5V \u00e0 1100 V )<br> Keithley 2602 ( 100 nA \u00e0 3 A  \/  100 mV \u00e0 40 V )<br> Keithley 2400 ( 1 \u00b5A \u00e0  1 A  \/  200 mV \u00e0 200 V )<br> Agilent B2902A (1 pA \u00e0 3 A \/  1 \u00b5V \u00e0 200V )<br>National Instruments PXI-4132 ( 1 \u00b5A \u00e0 100 mA \/ 200 mV \u00e0 100 V )<br><br>Source AC\/DC Keithley 6221<br>Keithley 8009 : dispositif de mesure de r\u00e9sistivit\u00e9 (surfacique et volumique)<br>Potentiostat Radiometer Analytical VoltaLab 40 (PGZ301)<\/td><\/tr><\/tbody><\/table><\/figure>\n\n\n\n<h4 class=\"wp-block-heading\" id=\"thermiques\">thermiques<\/h4>\n\n\n\n<figure class=\"wp-block-table aligncenter\"><table><tbody><tr><td><img loading=\"lazy\" decoding=\"async\" width=\"150\" height=\"115\" class=\"wp-image-223\" style=\"width: 150px;\" src=\"https:\/\/www.lepmi-guide.univ-smb.fr\/wordpress\/wp-content\/uploads\/2020\/04\/c_spectromasse_s.jpg\" alt=\"\"><\/td><td>Analyse par Thermogravim\u00e9trie:<br> Mesures des pertes de masse en fonction de la temp\u00e9rature (stabilit\u00e9 thermique) en mode dynamique (T\u00b0 variable).<br> Mesures des pertes de masse en mode isotherme \u2013 Etude des mat\u00e9riaux dans des conditions limites. Mesures des param\u00e8tres cin\u00e9tiques &#8211; Energie d\u2019activation, facteur de fr\u00e9quence, constante de vitesse<br><br>Netzsch  TG209  t\u00b0 ambiante &#8211; 1000\u00b0C <br>Couplage ATG \/ Spectrom\u00e8tre de masse<\/td><\/tr><tr><td><img loading=\"lazy\" decoding=\"async\" width=\"150\" height=\"133\" class=\"wp-image-212\" style=\"width: 150px;\" src=\"https:\/\/www.lepmi-guide.univ-smb.fr\/wordpress\/wp-content\/uploads\/2020\/04\/c_dsc.jpg\" alt=\"\"><\/td><td>Calorim\u00e8tres diff\u00e9rentiels \u00e0 balayage:<br> DSC Diamond Perkin Elmer (-130\u00b0C \u00e0 600\u00b0C). Possibilit\u00e9 de travailler en modulation (StepScan).<br> DSC7 Perkin Elmer (20\u00b0C \u00e0 +600\u00b0C)<\/td><\/tr><\/tbody><\/table><\/figure>\n\n\n\n<h3 class=\"wp-block-heading\" id=\"preparation-et-formulation\">Pr\u00e9paration et Formulation <\/h3>\n\n\n\n<figure class=\"wp-block-table aligncenter\"><table><tbody><tr><td><img loading=\"lazy\" decoding=\"async\" width=\"150\" height=\"200\" class=\"wp-image-219\" style=\"width: 150px;\" src=\"https:\/\/www.lepmi-guide.univ-smb.fr\/wordpress\/wp-content\/uploads\/2020\/04\/c_preparation.jpg\" alt=\"\"><\/td><td>Microtome, scie diamant\u00e9e Struers Accutom-50<br>Polisseuse automatique avec porte-\u00e9chantillon rotatif Struers Tegramin30<br>Agitateur \u00e0 ultra-sons Vibracell 75041<br>Centrigufeuse Sigma 3-30KS<br>Broyeur \u00e0 billes Powteq GT300<br>M\u00e9talliseur sous vide Edwards Auto 306<br>Soudeuse de film FrancoPack<br>Enceinte vieillissement UV Q-Sun Xenon Xe-1<br>\u00c9tuves, enceintes de conditionnement<br>Enceintes de vieillissement acc\u00e9l\u00e9r\u00e9<\/td><\/tr><\/tbody><\/table><\/figure>\n\n\n\n<p><\/p>\n","protected":false},"excerpt":{"rendered":"<p>Electrochimie 4 Potentiostats Bio-logic SP50, SP150 et SP300 EIS measurement: 10 \u03bcHz \u2013 3 MHz (1%, 1\u00b0),&nbsp;10 \u03bcHz \u2013 7 MHz (3%, 3\u00b0) Physico-Chimie Perm\u00e9am\u00e8tre multi-gaz UHB-100, en partenariat avec la soci\u00e9t\u00e9 Vinci Technologies. Fluorim\u00e8tre SHIMADZU RF-6000 (photoluminescence et \u00e9lectroluminescence<\/p>\n","protected":false},"author":1,"featured_media":0,"parent":0,"menu_order":0,"comment_status":"closed","ping_status":"closed","template":"","meta":{"footnotes":""},"class_list":["post-132","page","type-page","status-publish","hentry"],"_links":{"self":[{"href":"https:\/\/www.lepmi-guide.univ-smb.fr\/wordpress\/index.php\/wp-json\/wp\/v2\/pages\/132","targetHints":{"allow":["GET"]}}],"collection":[{"href":"https:\/\/www.lepmi-guide.univ-smb.fr\/wordpress\/index.php\/wp-json\/wp\/v2\/pages"}],"about":[{"href":"https:\/\/www.lepmi-guide.univ-smb.fr\/wordpress\/index.php\/wp-json\/wp\/v2\/types\/page"}],"author":[{"embeddable":true,"href":"https:\/\/www.lepmi-guide.univ-smb.fr\/wordpress\/index.php\/wp-json\/wp\/v2\/users\/1"}],"replies":[{"embeddable":true,"href":"https:\/\/www.lepmi-guide.univ-smb.fr\/wordpress\/index.php\/wp-json\/wp\/v2\/comments?post=132"}],"version-history":[{"count":70,"href":"https:\/\/www.lepmi-guide.univ-smb.fr\/wordpress\/index.php\/wp-json\/wp\/v2\/pages\/132\/revisions"}],"predecessor-version":[{"id":960,"href":"https:\/\/www.lepmi-guide.univ-smb.fr\/wordpress\/index.php\/wp-json\/wp\/v2\/pages\/132\/revisions\/960"}],"wp:attachment":[{"href":"https:\/\/www.lepmi-guide.univ-smb.fr\/wordpress\/index.php\/wp-json\/wp\/v2\/media?parent=132"}],"curies":[{"name":"wp","href":"https:\/\/api.w.org\/{rel}","templated":true}]}}